{"id":749,"date":"2026-01-23T10:32:47","date_gmt":"2026-01-23T10:32:47","guid":{"rendered":"https:\/\/mystifying-curie.82-223-99-103.plesk.page\/?page_id=749"},"modified":"2026-01-26T12:08:39","modified_gmt":"2026-01-26T12:08:39","slug":"bruselas","status":"publish","type":"page","link":"https:\/\/mystifying-curie.82-223-99-103.plesk.page\/index.php\/bruselas\/","title":{"rendered":"bruselas"},"content":{"rendered":"\t\t<div data-elementor-type=\"wp-page\" data-elementor-id=\"749\" class=\"elementor elementor-749\" data-elementor-post-type=\"page\">\n\t\t\t\t<div class=\"elementor-element elementor-element-4cc1d3e e-con-full e-flex e-con e-parent\" data-id=\"4cc1d3e\" data-element_type=\"container\" data-settings=\"{&quot;background_background&quot;:&quot;classic&quot;}\">\n\t\t\t\t<div class=\"elementor-element elementor-element-4699257 elementor-widget elementor-widget-heading\" data-id=\"4699257\" data-element_type=\"widget\" data-widget_type=\"heading.default\">\n\t\t\t\t<div class=\"elementor-widget-container\">\n\t\t\t\t\t<h2 class=\"elementor-heading-title elementor-size-default\">Presencia en Bruselas<\/h2>\t\t\t\t<\/div>\n\t\t\t\t<\/div>\n\t\t\t\t<\/div>\n\t\t<div class=\"elementor-element elementor-element-4a3b59c5 e-con-full e-flex e-con e-parent\" data-id=\"4a3b59c5\" data-element_type=\"container\" data-settings=\"{&quot;background_background&quot;:&quot;classic&quot;}\">\n\t\t<div class=\"elementor-element elementor-element-17de0dcf e-con-full e-flex e-con e-child\" data-id=\"17de0dcf\" data-element_type=\"container\">\n\t\t\t\t<div class=\"elementor-element elementor-element-73e75aaa elementor-widget elementor-widget-text-editor\" data-id=\"73e75aaa\" data-element_type=\"widget\" data-widget_type=\"text-editor.default\">\n\t\t\t\t<div class=\"elementor-widget-container\">\n\t\t\t\t\t\t\t\t\t<div id=\"bgLayers_comp-la18sgv6\" class=\"MW5IWV\" data-hook=\"bgLayers\" data-motion-part=\"BG_LAYER comp-la18sgv6\"><div id=\"bgMedia_comp-la18sgv6\" class=\"VgO9Yg\" data-motion-part=\"BG_MEDIA comp-la18sgv6\">Contamos con una amplia experiencia en el <strong><span class=\"wixui-rich-text__text\">desarrollo y prestaci\u00f3n de servicios<\/span><\/strong>\u00a0y acciones de comunicaci\u00f3n para clientes de distintos \u00e1mbitos y sectores econ\u00f3micos, tanto del\u00a0<strong><span class=\"wixui-rich-text__text\">sector privado como de organismos p\u00fablicos e instituciones<\/span><\/strong>, y no s\u00f3lo en Espa\u00f1a sino tambi\u00e9n fuera de nuestras fronteras.<\/div><div class=\"VgO9Yg\" data-motion-part=\"BG_MEDIA comp-la18sgv6\">Con un largo bagaje se ha trabajado intensamente en el \u00e1mbito europeo desarrollando trabajos de comunicaci\u00f3n y an\u00e1lisis con las instituciones europeas, as\u00ed como eventos especializados.<\/div><div data-motion-part=\"BG_MEDIA comp-la18sgv6\">\u00a0<\/div><div class=\"VgO9Yg\" style=\"text-align: center;\" data-motion-part=\"BG_MEDIA comp-la18sgv6\"><strong>Contamos con oficina propia en Bruselas.<\/strong><\/div><\/div>\t\t\t\t\t\t\t\t<\/div>\n\t\t\t\t<\/div>\n\t\t\t\t<div class=\"elementor-element elementor-element-53461b4 elementor-widget-divider--view-line elementor-widget elementor-widget-divider\" data-id=\"53461b4\" data-element_type=\"widget\" data-widget_type=\"divider.default\">\n\t\t\t\t<div class=\"elementor-widget-container\">\n\t\t\t\t\t\t\t<div class=\"elementor-divider\">\n\t\t\t<span class=\"elementor-divider-separator\">\n\t\t\t\t\t\t<\/span>\n\t\t<\/div>\n\t\t\t\t\t\t<\/div>\n\t\t\t\t<\/div>\n\t\t\t\t<\/div>\n\t\t\t\t<div class=\"elementor-element elementor-element-5b5705ae elementor-widget__width-initial elementor-widget-tablet__width-inherit elementor-widget elementor-widget-image\" data-id=\"5b5705ae\" data-element_type=\"widget\" data-widget_type=\"image.default\">\n\t\t\t\t<div class=\"elementor-widget-container\">\n\t\t\t\t\t\t\t\t\t\t\t\t\t\t\t<img fetchpriority=\"high\" decoding=\"async\" width=\"381\" height=\"381\" src=\"https:\/\/mystifying-curie.82-223-99-103.plesk.page\/wp-content\/uploads\/2026\/01\/Sin-titulo-Post-para-Instagram-cuadrado-7.avif\" class=\"attachment-large size-large wp-image-801\" alt=\"\" srcset=\"https:\/\/mystifying-curie.82-223-99-103.plesk.page\/wp-content\/uploads\/2026\/01\/Sin-titulo-Post-para-Instagram-cuadrado-7.avif 381w, https:\/\/mystifying-curie.82-223-99-103.plesk.page\/wp-content\/uploads\/2026\/01\/Sin-titulo-Post-para-Instagram-cuadrado-7-300x300.jpg 300w, https:\/\/mystifying-curie.82-223-99-103.plesk.page\/wp-content\/uploads\/2026\/01\/Sin-titulo-Post-para-Instagram-cuadrado-7-150x150.jpg 150w\" sizes=\"(max-width: 381px) 100vw, 381px\" \/>\t\t\t\t\t\t\t\t\t\t\t\t\t\t\t<\/div>\n\t\t\t\t<\/div>\n\t\t\t\t<\/div>\n\t\t\t\t<\/div>\n\t\t","protected":false},"excerpt":{"rendered":"<p>Presencia en Bruselas Contamos con una amplia experiencia en el desarrollo y prestaci\u00f3n de servicios\u00a0y acciones de comunicaci\u00f3n para clientes de distintos \u00e1mbitos y sectores econ\u00f3micos, tanto del\u00a0sector privado como de organismos p\u00fablicos e instituciones, y no s\u00f3lo en Espa\u00f1a sino tambi\u00e9n fuera de nuestras fronteras.Con un largo bagaje se ha trabajado intensamente en el [&hellip;]<\/p>\n","protected":false},"author":1,"featured_media":0,"parent":0,"menu_order":0,"comment_status":"closed","ping_status":"closed","template":"","meta":{"footnotes":""},"class_list":["post-749","page","type-page","status-publish","hentry"],"_links":{"self":[{"href":"https:\/\/mystifying-curie.82-223-99-103.plesk.page\/index.php\/wp-json\/wp\/v2\/pages\/749","targetHints":{"allow":["GET"]}}],"collection":[{"href":"https:\/\/mystifying-curie.82-223-99-103.plesk.page\/index.php\/wp-json\/wp\/v2\/pages"}],"about":[{"href":"https:\/\/mystifying-curie.82-223-99-103.plesk.page\/index.php\/wp-json\/wp\/v2\/types\/page"}],"author":[{"embeddable":true,"href":"https:\/\/mystifying-curie.82-223-99-103.plesk.page\/index.php\/wp-json\/wp\/v2\/users\/1"}],"replies":[{"embeddable":true,"href":"https:\/\/mystifying-curie.82-223-99-103.plesk.page\/index.php\/wp-json\/wp\/v2\/comments?post=749"}],"version-history":[{"count":34,"href":"https:\/\/mystifying-curie.82-223-99-103.plesk.page\/index.php\/wp-json\/wp\/v2\/pages\/749\/revisions"}],"predecessor-version":[{"id":849,"href":"https:\/\/mystifying-curie.82-223-99-103.plesk.page\/index.php\/wp-json\/wp\/v2\/pages\/749\/revisions\/849"}],"wp:attachment":[{"href":"https:\/\/mystifying-curie.82-223-99-103.plesk.page\/index.php\/wp-json\/wp\/v2\/media?parent=749"}],"curies":[{"name":"wp","href":"https:\/\/api.w.org\/{rel}","templated":true}]}}